{"id":31003,"date":"2025-11-01T13:20:22","date_gmt":"2025-11-01T12:20:22","guid":{"rendered":"https:\/\/murielbottin.be\/cookie-richtlinie\/"},"modified":"2025-12-18T15:41:23","modified_gmt":"2025-12-18T14:41:23","slug":"cookie-richtlinie","status":"publish","type":"page","link":"https:\/\/murielbottin.be\/de\/cookie-richtlinie\/","title":{"rendered":"Cookie-Richtlinie"},"content":{"rendered":"\t\t<div data-elementor-type=\"wp-page\" data-elementor-id=\"31003\" class=\"elementor elementor-31003 elementor-30611\" data-elementor-post-type=\"page\">\n\t\t\t\t<div class=\"elementor-element elementor-element-5559c6a8 e-flex e-con-boxed e-con e-parent\" data-id=\"5559c6a8\" data-element_type=\"container\" data-e-type=\"container\">\n\t\t\t\t\t<div class=\"e-con-inner\">\n\t\t\t\t<div class=\"elementor-element elementor-element-6a77d478 elementor-widget elementor-widget-heading\" data-id=\"6a77d478\" data-element_type=\"widget\" data-e-type=\"widget\" data-widget_type=\"heading.default\">\n\t\t\t\t<div class=\"elementor-widget-container\">\n\t\t\t\t\t<h1 class=\"elementor-heading-title elementor-size-default\">Cookie-Richtlinie<\/h1>\t\t\t\t<\/div>\n\t\t\t\t<\/div>\n\t\t\t\t<div class=\"elementor-element elementor-element-20fd378f elementor-widget elementor-widget-text-editor\" data-id=\"20fd378f\" data-element_type=\"widget\" data-e-type=\"widget\" data-widget_type=\"text-editor.default\">\n\t\t\t\t<div class=\"elementor-widget-container\">\n\t\t\t\t\t\t\t\t\t<p><strong>1. Was ist ein Cookie?<\/strong><\/p><p>Kleine Textdatei, die auf Ihrem Ger\u00e4t gespeichert wird, um das reibungslose Funktionieren der Website zu gew\u00e4hrleisten und die Besucherzahlen zu analysieren.<\/p>\t\t\t\t\t\t\t\t<\/div>\n\t\t\t\t<\/div>\n\t\t\t\t<div class=\"elementor-element elementor-element-7f2097ce elementor-widget elementor-widget-text-editor\" data-id=\"7f2097ce\" data-element_type=\"widget\" data-e-type=\"widget\" data-widget_type=\"text-editor.default\">\n\t\t\t\t<div class=\"elementor-widget-container\">\n\t\t\t\t\t\t\t\t\t<p><strong>2. Verwendete Cookies :<\/strong><\/p><ul><li>Unbedingt erforderliche Cookies: f\u00fcr den Betrieb der Website notwendig.<\/li><li>Cookies zur Messung der Besucherzahlen: \u00fcber Koko Analytics oder Google Analytics.<\/li><li>Cookies von Drittanbietern: YouTube, Facebook usw. (nur nach Zustimmung).<\/li><\/ul>\t\t\t\t\t\t\t\t<\/div>\n\t\t\t\t<\/div>\n\t\t\t\t<div class=\"elementor-element elementor-element-53fb8c51 elementor-widget elementor-widget-text-editor\" data-id=\"53fb8c51\" data-element_type=\"widget\" data-e-type=\"widget\" data-widget_type=\"text-editor.default\">\n\t\t\t\t<div class=\"elementor-widget-container\">\n\t\t\t\t\t\t\t\t\t<p><strong>3. Einwilligungsmanagement:<\/strong><\/p><p>Die Einwilligung wird \u00fcber CookieYes verwaltet, das mit der DSGVO und der franz\u00f6sischen Datenschutzbeh\u00f6rde CNIL konform ist. Sie k\u00f6nnen Ihre Einstellungen jederzeit \u00fcber den Link \u201eEinwilligung verwalten\u201d \u00e4ndern.<\/p>\t\t\t\t\t\t\t\t<\/div>\n\t\t\t\t<\/div>\n\t\t\t\t<div class=\"elementor-element elementor-element-75a6bd7e elementor-widget elementor-widget-text-editor\" data-id=\"75a6bd7e\" data-element_type=\"widget\" data-e-type=\"widget\" data-widget_type=\"text-editor.default\">\n\t\t\t\t<div class=\"elementor-widget-container\">\n\t\t\t\t\t\t\t\t\t<p><strong>4. Dauer der Datenspeicherung<\/strong><\/p><p>Cookies werden maximal 13 Monate gespeichert.<\/p>\t\t\t\t\t\t\t\t<\/div>\n\t\t\t\t<\/div>\n\t\t\t\t<div class=\"elementor-element elementor-element-26d7e987 elementor-widget elementor-widget-text-editor\" data-id=\"26d7e987\" data-element_type=\"widget\" data-e-type=\"widget\" data-widget_type=\"text-editor.default\">\n\t\t\t\t<div class=\"elementor-widget-container\">\n\t\t\t\t\t\t\t\t\t<p><strong>5. Kontakt :<\/strong><\/p><p>Pour toute question : <span \n                data-original-string='qSaoaZL+u\/QyW2+prE\/2cQ==cf2zmvEra7VhP4M+kzR9tzdO2CI7X+PcrnJtwUqOEY0lRY='\n                class='apbct-email-encoder'\n                title='Dieser Kontakt wurde von Anti-Spam by CleanTalk verschl\u00fcsselt. Klicken Sie hier, um ihn zu entschl\u00fcsseln. Um die Entschl\u00fcsselung abzuschlie\u00dfen, stellen Sie sicher, dass JavaScript in Ihrem Browser aktiviert ist.'>mu<span class=\"apbct-blur\">***************<\/span>@<span class=\"apbct-blur\">***<\/span>oo.fr<\/span><\/p>\t\t\t\t\t\t\t\t<\/div>\n\t\t\t\t<\/div>\n\t\t\t\t\t<\/div>\n\t\t\t\t<\/div>\n\t\t\t\t<\/div>\n\t\t","protected":false},"excerpt":{"rendered":"<p>1. Was ist ein Cookie? Kleine Textdatei, die auf Ihrem Ger\u00e4t gespeichert wird, um das reibungslose Funktionieren der Website zu gew\u00e4hrleisten und die Besucherzahlen zu analysieren. 2. Verwendete Cookies : Unbedingt erforderliche Cookies: f\u00fcr den Betrieb der Website notwendig. Cookies zur Messung der Besucherzahlen: \u00fcber Koko Analytics oder Google Analytics. Cookies von Drittanbietern: YouTube, Facebook [&hellip;]<\/p>\n","protected":false},"author":1,"featured_media":0,"parent":0,"menu_order":0,"comment_status":"closed","ping_status":"closed","template":"","meta":{"_seopress_robots_primary_cat":"","_seopress_titles_title":"","_seopress_titles_desc":"","_seopress_robots_index":"","iawp_total_views":0,"footnotes":""},"class_list":["post-31003","page","type-page","status-publish","hentry"],"_links":{"self":[{"href":"https:\/\/murielbottin.be\/de\/wp-json\/wp\/v2\/pages\/31003","targetHints":{"allow":["GET"]}}],"collection":[{"href":"https:\/\/murielbottin.be\/de\/wp-json\/wp\/v2\/pages"}],"about":[{"href":"https:\/\/murielbottin.be\/de\/wp-json\/wp\/v2\/types\/page"}],"author":[{"embeddable":true,"href":"https:\/\/murielbottin.be\/de\/wp-json\/wp\/v2\/users\/1"}],"replies":[{"embeddable":true,"href":"https:\/\/murielbottin.be\/de\/wp-json\/wp\/v2\/comments?post=31003"}],"version-history":[{"count":0,"href":"https:\/\/murielbottin.be\/de\/wp-json\/wp\/v2\/pages\/31003\/revisions"}],"wp:attachment":[{"href":"https:\/\/murielbottin.be\/de\/wp-json\/wp\/v2\/media?parent=31003"}],"curies":[{"name":"wp","href":"https:\/\/api.w.org\/{rel}","templated":true}]}}