{"id":31001,"date":"2025-11-01T13:18:07","date_gmt":"2025-11-01T12:18:07","guid":{"rendered":"https:\/\/murielbottin.be\/datenschutzerklaerung\/"},"modified":"2025-12-18T15:37:32","modified_gmt":"2025-12-18T14:37:32","slug":"datenschutzerklaerung","status":"publish","type":"page","link":"https:\/\/murielbottin.be\/de\/datenschutzerklaerung\/","title":{"rendered":"Datenschutzerkl\u00e4rung"},"content":{"rendered":"\t\t<div data-elementor-type=\"wp-page\" data-elementor-id=\"31001\" class=\"elementor elementor-31001 elementor-30605\" data-elementor-post-type=\"page\">\n\t\t\t\t<div class=\"elementor-element elementor-element-23ad5f0d e-flex e-con-boxed e-con e-parent\" data-id=\"23ad5f0d\" data-element_type=\"container\" data-e-type=\"container\">\n\t\t\t\t\t<div class=\"e-con-inner\">\n\t\t\t\t<div class=\"elementor-element elementor-element-7dd343f4 elementor-widget elementor-widget-heading\" data-id=\"7dd343f4\" data-element_type=\"widget\" data-e-type=\"widget\" data-widget_type=\"heading.default\">\n\t\t\t\t<div class=\"elementor-widget-container\">\n\t\t\t\t\t<h1 class=\"elementor-heading-title elementor-size-default\">Datenschutzerkl\u00e4rung<\/h1>\t\t\t\t<\/div>\n\t\t\t\t<\/div>\n\t\t\t\t<div class=\"elementor-element elementor-element-6a26aeea elementor-widget elementor-widget-text-editor\" data-id=\"6a26aeea\" data-element_type=\"widget\" data-e-type=\"widget\" data-widget_type=\"text-editor.default\">\n\t\t\t\t<div class=\"elementor-widget-container\">\n\t\t\t\t\t\t\t\t\t<p><strong>1. Gegenstand<\/strong><\/p><p>La pr\u00e9sente politique d\u00e9crit la mani\u00e8re dont nous collectons, utilisons et prot\u00e9geons vos donn\u00e9es personnelles.<\/p>\t\t\t\t\t\t\t\t<\/div>\n\t\t\t\t<\/div>\n\t\t\t\t<div class=\"elementor-element elementor-element-1fed749d elementor-widget elementor-widget-text-editor\" data-id=\"1fed749d\" data-element_type=\"widget\" data-e-type=\"widget\" data-widget_type=\"text-editor.default\">\n\t\t\t\t<div class=\"elementor-widget-container\">\n\t\t\t\t\t\t\t\t\t<p><strong>2. Erfasste Daten:<\/strong><\/p><ul><li>Formulare: Name, Vorname, E-Mail, Nachricht.<\/li><li>Terminvereinbarung: Name, E-Mail-Adresse, Informationen zum Projekt.<\/li><li>Newsletter \/ CRM: E-Mail-Adresse und Vorname (optional).<\/li><li>Statistiken: anonymisierte Daten \u00fcber Koko Analytics oder Google Analytics.<\/li><\/ul>\t\t\t\t\t\t\t\t<\/div>\n\t\t\t\t<\/div>\n\t\t\t\t<div class=\"elementor-element elementor-element-6a520b6f elementor-widget elementor-widget-text-editor\" data-id=\"6a520b6f\" data-element_type=\"widget\" data-e-type=\"widget\" data-widget_type=\"text-editor.default\">\n\t\t\t\t<div class=\"elementor-widget-container\">\n\t\t\t\t\t\t\t\t\t<p><strong>3. Zweckbestimmung :<\/strong><\/p><p>Ihre Daten werden verwendet f\u00fcr:<\/p><ul><li>Ihre Anfragen zu beantworten,<\/li><li>Sie im Rahmen unserer Dienstleistungen erneut zu kontaktieren,<\/li><li>Sie \u00fcber unsere Neuigkeiten zu informieren, wenn Sie Abonnent sind,<\/li><li>die Website und ihre Sicherheit zu verbessern.<\/li><\/ul>\t\t\t\t\t\t\t\t<\/div>\n\t\t\t\t<\/div>\n\t\t\t\t<div class=\"elementor-element elementor-element-3c80497a elementor-widget elementor-widget-text-editor\" data-id=\"3c80497a\" data-element_type=\"widget\" data-e-type=\"widget\" data-widget_type=\"text-editor.default\">\n\t\t\t\t<div class=\"elementor-widget-container\">\n\t\t\t\t\t\t\t\t\t<p><strong>4. Rechtsgrundlage:<\/strong><\/p><p>Verarbeitung auf Grundlage der Einwilligung oder der Erf\u00fcllung eines Vertrags.<\/p>\t\t\t\t\t\t\t\t<\/div>\n\t\t\t\t<\/div>\n\t\t\t\t<div class=\"elementor-element elementor-element-5c98794a elementor-widget elementor-widget-text-editor\" data-id=\"5c98794a\" data-element_type=\"widget\" data-e-type=\"widget\" data-widget_type=\"text-editor.default\">\n\t\t\t\t<div class=\"elementor-widget-container\">\n\t\t\t\t\t\t\t\t\t<p><strong>5. Aufbewahrungsdauer :<\/strong><\/p><p>Die Daten werden nur so lange gespeichert, wie es f\u00fcr den Zweck, f\u00fcr den sie erhoben wurden, erforderlich ist.<\/p>\t\t\t\t\t\t\t\t<\/div>\n\t\t\t\t<\/div>\n\t\t\t\t<div class=\"elementor-element elementor-element-4b20a9d1 elementor-widget elementor-widget-text-editor\" data-id=\"4b20a9d1\" data-element_type=\"widget\" data-e-type=\"widget\" data-widget_type=\"text-editor.default\">\n\t\t\t\t<div class=\"elementor-widget-container\">\n\t\t\t\t\t\t\t\t\t<p><strong>6. Empf\u00e4nger :<\/strong><\/p><p>Die Daten werden nur an Dienstleister weitergegeben, die f\u00fcr die Erbringung der Dienstleistungen erforderlich sind (Hosting, E-Mail-Versand usw.).<\/p>\t\t\t\t\t\t\t\t<\/div>\n\t\t\t\t<\/div>\n\t\t\t\t<div class=\"elementor-element elementor-element-13782cf1 elementor-widget elementor-widget-text-editor\" data-id=\"13782cf1\" data-element_type=\"widget\" data-e-type=\"widget\" data-widget_type=\"text-editor.default\">\n\t\t\t\t<div class=\"elementor-widget-container\">\n\t\t\t\t\t\t\t\t\t<p><strong>7. Sicherheit :<\/strong><\/p><p>HTTPS-Verbindung, europ\u00e4isches Hosting (Hostinger), technische und organisatorische Schutzma\u00dfnahmen.<\/p>\t\t\t\t\t\t\t\t<\/div>\n\t\t\t\t<\/div>\n\t\t\t\t<div class=\"elementor-element elementor-element-7f6b96a3 elementor-widget elementor-widget-text-editor\" data-id=\"7f6b96a3\" data-element_type=\"widget\" data-e-type=\"widget\" data-widget_type=\"text-editor.default\">\n\t\t\t\t<div class=\"elementor-widget-container\">\n\t\t\t\t\t\t\t\t\t<p><strong>8. Ihre Rechte :<\/strong><\/p><p>Sie haben das Recht auf Zugang, Berichtigung, L\u00f6schung und Widerspruch. Kontakt : <span \n                data-original-string='BjM8Cpz9DXHdCTOITgFRGA==cf2NFEkqaYG3gpskpf2EeSUVtUcpzA7kBPFZQXZZ1n7n4g='\n                class='apbct-email-encoder'\n                title='Dieser Kontakt wurde von Anti-Spam by CleanTalk verschl\u00fcsselt. Klicken Sie hier, um ihn zu entschl\u00fcsseln. Um die Entschl\u00fcsselung abzuschlie\u00dfen, stellen Sie sicher, dass JavaScript in Ihrem Browser aktiviert ist.'>mu<span class=\"apbct-blur\">***************<\/span>@<span class=\"apbct-blur\">***<\/span>oo.fr<\/span><\/p>\t\t\t\t\t\t\t\t<\/div>\n\t\t\t\t<\/div>\n\t\t\t\t\t<\/div>\n\t\t\t\t<\/div>\n\t\t\t\t<\/div>\n\t\t","protected":false},"excerpt":{"rendered":"<p>1. Gegenstand La pr\u00e9sente politique d\u00e9crit la mani\u00e8re dont nous collectons, utilisons et prot\u00e9geons vos donn\u00e9es personnelles. 2. Erfasste Daten: Formulare: Name, Vorname, E-Mail, Nachricht. Terminvereinbarung: Name, E-Mail-Adresse, Informationen zum Projekt. Newsletter \/ CRM: E-Mail-Adresse und Vorname (optional). Statistiken: anonymisierte Daten \u00fcber Koko Analytics oder Google Analytics. 3. Zweckbestimmung : Ihre Daten werden verwendet f\u00fcr: [&hellip;]<\/p>\n","protected":false},"author":1,"featured_media":0,"parent":0,"menu_order":0,"comment_status":"closed","ping_status":"closed","template":"","meta":{"_seopress_robots_primary_cat":"","_seopress_titles_title":"","_seopress_titles_desc":"","_seopress_robots_index":"","iawp_total_views":0,"footnotes":""},"class_list":["post-31001","page","type-page","status-publish","hentry"],"_links":{"self":[{"href":"https:\/\/murielbottin.be\/de\/wp-json\/wp\/v2\/pages\/31001","targetHints":{"allow":["GET"]}}],"collection":[{"href":"https:\/\/murielbottin.be\/de\/wp-json\/wp\/v2\/pages"}],"about":[{"href":"https:\/\/murielbottin.be\/de\/wp-json\/wp\/v2\/types\/page"}],"author":[{"embeddable":true,"href":"https:\/\/murielbottin.be\/de\/wp-json\/wp\/v2\/users\/1"}],"replies":[{"embeddable":true,"href":"https:\/\/murielbottin.be\/de\/wp-json\/wp\/v2\/comments?post=31001"}],"version-history":[{"count":0,"href":"https:\/\/murielbottin.be\/de\/wp-json\/wp\/v2\/pages\/31001\/revisions"}],"wp:attachment":[{"href":"https:\/\/murielbottin.be\/de\/wp-json\/wp\/v2\/media?parent=31001"}],"curies":[{"name":"wp","href":"https:\/\/api.w.org\/{rel}","templated":true}]}}