{"id":30999,"date":"2025-11-01T13:13:06","date_gmt":"2025-11-01T12:13:06","guid":{"rendered":"https:\/\/murielbottin.be\/rechtliche-hinweise\/"},"modified":"2025-12-18T15:30:23","modified_gmt":"2025-12-18T14:30:23","slug":"rechtliche-hinweise","status":"publish","type":"page","link":"https:\/\/murielbottin.be\/de\/rechtliche-hinweise\/","title":{"rendered":"Rechtliche Hinweise"},"content":{"rendered":"\t\t<div data-elementor-type=\"wp-page\" data-elementor-id=\"30999\" class=\"elementor elementor-30999 elementor-30596\" data-elementor-post-type=\"page\">\n\t\t\t\t<div class=\"elementor-element elementor-element-5321a2f e-flex e-con-boxed e-con e-parent\" data-id=\"5321a2f\" data-element_type=\"container\" data-e-type=\"container\">\n\t\t\t\t\t<div class=\"e-con-inner\">\n\t\t\t\t<div class=\"elementor-element elementor-element-6057ef12 elementor-widget elementor-widget-heading\" data-id=\"6057ef12\" data-element_type=\"widget\" data-e-type=\"widget\" data-widget_type=\"heading.default\">\n\t\t\t\t<div class=\"elementor-widget-container\">\n\t\t\t\t\t<h1 class=\"elementor-heading-title elementor-size-default\">Rechtliche Hinweise<\/h1>\t\t\t\t<\/div>\n\t\t\t\t<\/div>\n\t\t\t\t<div class=\"elementor-element elementor-element-235eec6c elementor-widget elementor-widget-text-editor\" data-id=\"235eec6c\" data-element_type=\"widget\" data-e-type=\"widget\" data-widget_type=\"text-editor.default\">\n\t\t\t\t<div class=\"elementor-widget-container\">\n\t\t\t\t\t\t\t\t\t<p><strong>Herausgeber der Website:<\/strong><\/p><p>Muriel Bottin<\/p><p>Firmensitz : Alter Schulweg 7 \u2013 4780 Recht \u2013 Belgien<\/p><p>Kontakt-E-Mail : <span \n                data-original-string='gG082AENsCtL2Cxn\/82JTA==cf2oYCi0PT5\/VABGVdmu9HEI76tZ8fNdqhPn9XSD1La4kk='\n                class='apbct-email-encoder'\n                title='Dieser Kontakt wurde von Anti-Spam by CleanTalk verschl\u00fcsselt. Klicken Sie hier, um ihn zu entschl\u00fcsseln. Um die Entschl\u00fcsselung abzuschlie\u00dfen, stellen Sie sicher, dass JavaScript in Ihrem Browser aktiviert ist.'>mu<span class=\"apbct-blur\">***************<\/span>@<span class=\"apbct-blur\">***<\/span>oo.fr<\/span><\/p><p>Verantwortlich f\u00fcr die Ver\u00f6ffentlichung : Muriel Bottin<\/p>\t\t\t\t\t\t\t\t<\/div>\n\t\t\t\t<\/div>\n\t\t\t\t<div class=\"elementor-element elementor-element-683dac2 elementor-widget elementor-widget-text-editor\" data-id=\"683dac2\" data-element_type=\"widget\" data-e-type=\"widget\" data-widget_type=\"text-editor.default\">\n\t\t\t\t<div class=\"elementor-widget-container\">\n\t\t\t\t\t\t\t\t\t<p><strong>Website-Hosting:<\/strong><\/p><p>Die Website wird gehostet von :<\/p><p>HOSTINGER operations, UAB<\/p><p>\u0160vitrigailos str. 34, Vilnius 03230 Lithuania <\/p><p>Site : https:\/\/hostinger.com<\/p>\t\t\t\t\t\t\t\t<\/div>\n\t\t\t\t<\/div>\n\t\t\t\t<div class=\"elementor-element elementor-element-53b279a0 elementor-widget elementor-widget-text-editor\" data-id=\"53b279a0\" data-element_type=\"widget\" data-e-type=\"widget\" data-widget_type=\"text-editor.default\">\n\t\t\t\t<div class=\"elementor-widget-container\">\n\t\t\t\t\t\t\t\t\t<p><strong>Geistiges Eigentum<\/strong><\/p><p>Der gesamte Inhalt der Website murielbottin.be ist urheberrechtlich gesch\u00fctzt.<\/p><p>Jede Vervielf\u00e4ltigung oder Bearbeitung ohne schriftliche Genehmigung ist untersagt.<\/p>\t\t\t\t\t\t\t\t<\/div>\n\t\t\t\t<\/div>\n\t\t\t\t<div class=\"elementor-element elementor-element-7f893a2f elementor-widget elementor-widget-text-editor\" data-id=\"7f893a2f\" data-element_type=\"widget\" data-e-type=\"widget\" data-widget_type=\"text-editor.default\">\n\t\t\t\t<div class=\"elementor-widget-container\">\n\t\t\t\t\t\t\t\t\t<p><strong>Verantwortung :<\/strong><\/p><p>Der Herausgeber haftet nicht f\u00fcr Sch\u00e4den, die durch die Nutzung der Website oder deren vor\u00fcbergehende Nichtverf\u00fcgbarkeit entstehen.<\/p>\t\t\t\t\t\t\t\t<\/div>\n\t\t\t\t<\/div>\n\t\t\t\t\t<\/div>\n\t\t\t\t<\/div>\n\t\t\t\t<\/div>\n\t\t","protected":false},"excerpt":{"rendered":"<p>Herausgeber der Website: Muriel Bottin Firmensitz : Alter Schulweg 7 \u2013 4780 Recht \u2013 Belgien Kontakt-E-Mail : mu***************@***oo.fr Verantwortlich f\u00fcr die Ver\u00f6ffentlichung : Muriel Bottin Website-Hosting: Die Website wird gehostet von : HOSTINGER operations, UAB \u0160vitrigailos str. 34, Vilnius 03230 Lithuania Site : https:\/\/hostinger.com Geistiges Eigentum Der gesamte Inhalt der Website murielbottin.be ist urheberrechtlich gesch\u00fctzt. [&hellip;]<\/p>\n","protected":false},"author":1,"featured_media":0,"parent":0,"menu_order":0,"comment_status":"closed","ping_status":"closed","template":"","meta":{"_seopress_robots_primary_cat":"","_seopress_titles_title":"","_seopress_titles_desc":"","_seopress_robots_index":"","iawp_total_views":0,"footnotes":""},"class_list":["post-30999","page","type-page","status-publish","hentry"],"_links":{"self":[{"href":"https:\/\/murielbottin.be\/de\/wp-json\/wp\/v2\/pages\/30999","targetHints":{"allow":["GET"]}}],"collection":[{"href":"https:\/\/murielbottin.be\/de\/wp-json\/wp\/v2\/pages"}],"about":[{"href":"https:\/\/murielbottin.be\/de\/wp-json\/wp\/v2\/types\/page"}],"author":[{"embeddable":true,"href":"https:\/\/murielbottin.be\/de\/wp-json\/wp\/v2\/users\/1"}],"replies":[{"embeddable":true,"href":"https:\/\/murielbottin.be\/de\/wp-json\/wp\/v2\/comments?post=30999"}],"version-history":[{"count":0,"href":"https:\/\/murielbottin.be\/de\/wp-json\/wp\/v2\/pages\/30999\/revisions"}],"wp:attachment":[{"href":"https:\/\/murielbottin.be\/de\/wp-json\/wp\/v2\/media?parent=30999"}],"curies":[{"name":"wp","href":"https:\/\/api.w.org\/{rel}","templated":true}]}}